{"id":244,"date":"2010-05-05T01:51:01","date_gmt":"2010-05-04T23:51:01","guid":{"rendered":"https:\/\/www.natur-jagd.de\/?page_id=244"},"modified":"2018-11-29T01:54:33","modified_gmt":"2018-11-28T23:54:33","slug":"natur-jagd-de-ein-blog-fur-aktive-naturschutzer-und-jager","status":"publish","type":"page","link":"https:\/\/www.natur-jagd.de\/?page_id=244","title":{"rendered":"Natur-Jagd.de &#8211; ein Blog f\u00fcr aktive Natursch\u00fctzer und J\u00e4ger"},"content":{"rendered":"<p>Auf <strong>Natur-Jagd.de<\/strong> werden vielerlei Informationen gesammelt und anderen zur Verf\u00fcgung gestellt. Insbesondere geht es um <strong>Lebensraum <\/strong>verbessernde Ma\u00dfnahmen, die jeder in seinem Umfeld nachmachen kann. Vor allem die <strong>Offenland<\/strong>arten, Niederwild im Feld, sind stark zur\u00fcck gegangen. Daf\u00fcr gibt es viele Ursachen. Aber es gibt auch M\u00f6glichkeiten und etliche erfolgreiche Projekte die es geschafft haben, nachhaltig so viel <strong>Niederwild <\/strong>im Revier zu haben, dass sie j\u00e4hrlich einiges davon nutzen k\u00f6nnen.<\/p>\n<p>Bis es soweit ist, vergehen in der Regel mehrere Jahre mit viel Arbeit und jeder Menge Kosten auf dem Weg. Unz\u00e4hlige Tier- und Pflanzenarten die nicht dem Jagdrecht unterliegen und demnach kein &#8222;Wild&#8220; sind profitieren davon. Nicht in der belebten Umwelt kann singul\u00e4r betrachtet werden, alles ist miteinander vernetzt. Nur ganzheitliche Ans\u00e4tze versprechen auch ganzheitlichen Erfolg.<\/p>\n<p>Dieser Blog soll es anderen J\u00e4gern einfacher machen die Informationen, die zur erfolgreichen <strong>Biotophege <\/strong>gebraucht werden zu finden, um sie selbst umsetzen zu k\u00f6nnen. Je mehr Landnutzer auch Landsch\u00fctzer werden, desto besser f\u00fcr die Natur. Jagd bedeutet nicht nur tot schie\u00dfen sondern ist viel mehr, als dass sie sich auf einen einzelnen Teilaspekt reduzieren lie\u00dfe.<\/p>\n<p>Die Beitr\u00e4ge hier haben alle Bezug zum Thema Jagd. Trotzdem geht es meist um ganz andere Dinge.<\/p>\n","protected":false},"excerpt":{"rendered":"<p>Auf Natur-Jagd.de werden vielerlei Informationen gesammelt und anderen zur Verf\u00fcgung gestellt. Insbesondere geht es um Lebensraum verbessernde Ma\u00dfnahmen, die jeder in seinem Umfeld nachmachen kann. Vor allem die Offenlandarten, Niederwild im Feld, sind stark zur\u00fcck gegangen. Daf\u00fcr gibt es viele Ursachen. Aber es gibt auch M\u00f6glichkeiten und etliche erfolgreiche Projekte die es geschafft haben, nachhaltig [&hellip;]<\/p>\n","protected":false},"author":2,"featured_media":0,"parent":0,"menu_order":0,"comment_status":"closed","ping_status":"closed","template":"","meta":[],"_links":{"self":[{"href":"https:\/\/www.natur-jagd.de\/index.php?rest_route=\/wp\/v2\/pages\/244"}],"collection":[{"href":"https:\/\/www.natur-jagd.de\/index.php?rest_route=\/wp\/v2\/pages"}],"about":[{"href":"https:\/\/www.natur-jagd.de\/index.php?rest_route=\/wp\/v2\/types\/page"}],"author":[{"embeddable":true,"href":"https:\/\/www.natur-jagd.de\/index.php?rest_route=\/wp\/v2\/users\/2"}],"replies":[{"embeddable":true,"href":"https:\/\/www.natur-jagd.de\/index.php?rest_route=%2Fwp%2Fv2%2Fcomments&post=244"}],"version-history":[{"count":8,"href":"https:\/\/www.natur-jagd.de\/index.php?rest_route=\/wp\/v2\/pages\/244\/revisions"}],"predecessor-version":[{"id":410,"href":"https:\/\/www.natur-jagd.de\/index.php?rest_route=\/wp\/v2\/pages\/244\/revisions\/410"}],"wp:attachment":[{"href":"https:\/\/www.natur-jagd.de\/index.php?rest_route=%2Fwp%2Fv2%2Fmedia&parent=244"}],"curies":[{"name":"wp","href":"https:\/\/api.w.org\/{rel}","templated":true}]}}